{"id":1746,"date":"2024-05-17T06:02:29","date_gmt":"2024-05-17T06:02:29","guid":{"rendered":"https:\/\/evias.com\/politique-de-confidentialite\/"},"modified":"2024-07-26T19:45:27","modified_gmt":"2024-07-26T19:45:27","slug":"politique-de-confidentialite","status":"publish","type":"page","link":"https:\/\/evias.com\/fr\/politique-de-confidentialite\/","title":{"rendered":"Politique de confidentialit\u00e9"},"content":{"rendered":"\n<div class=\"wp-block-group is-layout-flow wp-block-group-is-layout-flow\" style=\"padding-right:24px;padding-left:24px\">\n<div style=\"height:80px\" aria-hidden=\"true\" class=\"wp-block-spacer\"><\/div>\n\n\n\n<h5 class=\"wp-block-heading\"><strong>Politique de confidentialit\u00e9<\/strong><\/h5>\n\n\n\n<p>Quelles informations recueillons-nous ?<\/p>\n\n\n\n<p>Nous recueillons des informations lorsque vous vous abonnez \u00e0 notre newsletter.<\/p>\n\n\n\n<p>WordPress\/Automattic recueille le nom d&rsquo;utilisateur et le mot de passe lorsque vous commentez ou publiez sur la Communaut\u00e9. Veuillez consulter leur politique de confidentialit\u00e9. <\/p>\n\n\n\n<p>Google, en tant que fournisseur tiers, utilise des cookies pour diffuser des annonces sur ce site. L&rsquo;utilisation du cookie DART par Google lui permet de diffuser des annonces \u00e0 vos utilisateurs en fonction de leur visite sur vos sites et d&rsquo;autres sites sur Internet. Les utilisateurs peuvent se d\u00e9sinscrire de l&rsquo;utilisation du cookie DART en visitant la politique de confidentialit\u00e9 du r\u00e9seau de contenu et d&rsquo;annonces de Google.  <\/p>\n\n\n\n<p>\u00c0 quoi servent vos informations ?<\/p>\n\n\n\n<p>Nous utilisons vos informations personnelles pour les finalit\u00e9s suivantes :<\/p>\n\n\n\n<p>Pour communiquer avec vous, ce qui peut inclure :<\/p>\n\n\n\n<p>Vous contacter et fournir nos Services \u00e0 vous et \u00e0 nos clients ;<\/p>\n\n\n\n<ul class=\"wp-block-list\">\n<li>Pour communiquer avec vous, ce qui peut inclure :<\/li>\n\n\n\n<li>Vous contacter et fournir nos Services \u00e0 vous et \u00e0 nos clients ;<\/li>\n\n\n\n<li>R\u00e9pondre \u00e0 vos demandes, questions ou commentaires et fournir un service client ;<\/li>\n\n\n\n<li>Vous ajouter \u00e0 nos listes de diffusion ou de SMS et vous envoyer des courriels, des notifications push \u00e0 vos portefeuilles num\u00e9riques ou des textos de temps \u00e0 autre ;<\/li>\n\n\n\n<li>Pour les utilisateurs ayant choisi de recevoir des communications concernant les partenaires tiers d&rsquo;Evias, vous envoyer des informations sur ces partenaires tiers que nous pensons pouvoir vous int\u00e9resser.Pour fournir nos produits et services, ce qui peut inclure :<\/li>\n\n\n\n<li>Exploiter les Propri\u00e9t\u00e9s et vous fournir les services sp\u00e9cifiques que vous avez demand\u00e9s ;<\/li>\n\n\n\n<li>Cr\u00e9er, maintenir et g\u00e9rer votre compte, profil ou abonnement ;<\/li>\n\n\n\n<li>Fournir du contenu et des offres de produits et services pertinents \u00e0 vos int\u00e9r\u00eats.<\/li>\n<\/ul>\n\n\n\n<p>\u00c0 des fins de marketing, de publicit\u00e9 et de promotion, ce qui peut inclure :<\/p>\n\n\n\n<ul class=\"wp-block-list\">\n<li>Commercialiser nos biens et services ou ceux de nos affili\u00e9s, partenaires commerciaux et autres tiers ;<\/li>\n\n\n\n<li>Vous fournir de la publicit\u00e9 pour des produits et services qui pourraient vous int\u00e9resser ;<\/li>\n\n\n\n<li>Cibler du contenu et des publicit\u00e9s pertinents pour vous sur nos Propri\u00e9t\u00e9s et ailleurs o\u00f9 nous pouvons agir en tant que tiers ;<\/li>\n\n\n\n<li>Administrer des concours, des loteries et autres promotions similaires ;<\/li>\n\n\n\n<li>R\u00e9aliser des \u00e9tudes de march\u00e9 pour nous-m\u00eames et nos clients ;<\/li>\n\n\n\n<li>Suivre les clics sur les liens affili\u00e9s.<\/li>\n\n\n\n<li>Pour des analyses, des am\u00e9liorations et des personnalisations, ce qui peut inclure :<\/li>\n\n\n\n<li>Identifier des tendances et faire des d\u00e9ductions sur vous et vos interactions avec nous, nos affili\u00e9s ou nos partenaires commerciaux ;<\/li>\n\n\n\n<li>Personnaliser votre exp\u00e9rience pour vous faire gagner du temps lors de vos visites sur nos Propri\u00e9t\u00e9s et personnaliser le marketing et la publicit\u00e9 que nous vous montrons ;<\/li>\n\n\n\n<li>Mieux comprendre les besoins de nos clients ;<\/li>\n\n\n\n<li>Enrichir les informations que nous pouvons avoir avec des informations provenant de tiers.<\/li>\n<\/ul>\n\n\n\n<p>Pour des raisons de s\u00e9curit\u00e9 et de pr\u00e9vention de la fraude, ce qui peut inclure :<\/p>\n\n\n\n<ul class=\"wp-block-list\">\n<li>Aider \u00e0 maintenir la s\u00e9curit\u00e9, la s\u00fbret\u00e9 et l&rsquo;int\u00e9grit\u00e9 de nos Propri\u00e9t\u00e9s, bases de donn\u00e9es et autres actifs technologiques et commerciaux ;<\/li>\n\n\n\n<li>Effectuer des recherches internes ; d\u00e9velopper et d\u00e9montrer des technologies ; et am\u00e9liorer, mettre \u00e0 niveau ou am\u00e9liorer nos Propri\u00e9t\u00e9s ;<\/li>\n\n\n\n<li>D\u00e9tecter des incidents de s\u00e9curit\u00e9 ; prot\u00e9ger contre des activit\u00e9s malveillantes, trompeuses, frauduleuses ou ill\u00e9gales ; et poursuivre ceux responsables de ces activit\u00e9s ;<\/li>\n\n\n\n<li>nqu\u00eater sur des fraudes pr\u00e9sum\u00e9es, des harc\u00e8lements ou d&rsquo;autres violations de toute loi, r\u00e8gle ou r\u00e9glementation ou des politiques de nos Propri\u00e9t\u00e9s.<\/li>\n<\/ul>\n\n\n\n<p>Pour se conformer aux obligations l\u00e9gales, ce qui peut inclure :<\/p>\n\n\n\n<ul class=\"wp-block-list\">\n<li>Se conformer aux obligations l\u00e9gales ou r\u00e9glementaires, \u00e9tablir ou exercer nos droits et d\u00e9fendre contre une r\u00e9clamation l\u00e9gale ;<\/li>\n\n\n\n<li>R\u00e9pondre aux demandes des forces de l&rsquo;ordre et comme requis par la loi applicable, une ordonnance du tribunal, une proc\u00e9dure l\u00e9gale ou une r\u00e9glementation gouvernementale ;<\/li>\n\n\n\n<li>Agir en relation avec une proc\u00e9dure de faillite ou la vente, la fusion ou le changement de contr\u00f4le de la Soci\u00e9t\u00e9 ou de la division responsable des services avec lesquels vos informations sont associ\u00e9es.<\/li>\n<\/ul>\n\n\n\n<p>Nous pouvons collecter des informations qui ne sont pas des informations personnelles (\u00ab\u00a0informations non personnelles\u00a0\u00bb), y compris des informations l\u00e9galement mises \u00e0 disposition \u00e0 partir de dossiers f\u00e9d\u00e9raux, d&rsquo;\u00c9tat ou locaux ou des informations agr\u00e9g\u00e9es ou anonymis\u00e9es. Parce que les informations non personnelles ne vous identifient pas personnellement, nous pouvons collecter, utiliser et divulguer ces informations \u00e0 toute fin permise par la loi. Dans certains cas, nous pouvons combiner des informations non personnelles avec des informations personnelles. Si nous combinons des informations non personnelles avec des informations personnelles, les informations combin\u00e9es seront trait\u00e9es par nous comme des informations personnelles.<\/p>\n\n\n\n<p>En ce qui concerne l&rsquo;utilisation que nous faisons des donn\u00e9es de service, nous utilisons ces informations pour fournir des services \u00e0 nos clients.<\/p>\n\n\n\n<p>Utilisons-nous des cookies ?<\/p>\n\n\n\n<p>Oui (Les cookies sont de petits fichiers qu&rsquo;un site ou son fournisseur de services transf\u00e8re sur le disque dur de votre ordinateur via votre navigateur Web (si vous le permettez) qui permet aux syst\u00e8mes du site ou du fournisseur de services de reconna\u00eetre votre navigateur et de capturer et de se souvenir de certaines informations.<\/p>\n\n\n\n<p>Divulguons-nous des informations \u00e0 des tiers ?<\/p>\n\n\n\n<p>Nous ne vendons, n&rsquo;\u00e9changeons ni ne transf\u00e9rons de quelque mani\u00e8re que ce soit \u00e0 des tiers vos informations personnellement identifiables. Cela n&rsquo;inclut pas les tiers de confiance qui nous aident \u00e0 exploiter notre site Web, \u00e0 mener nos affaires ou \u00e0 vous servir, tant que ces parties conviennent de garder ces informations confidentielles. Nous pouvons \u00e9galement divulguer vos informations lorsque nous croyons que cela est appropri\u00e9 pour se conformer \u00e0 la loi, appliquer les politiques de notre site ou prot\u00e9ger les droits, la propri\u00e9t\u00e9 ou la s\u00e9curit\u00e9 des n\u00f4tres ou d&rsquo;autres. Cependant, des informations de visiteur non personnellement identifiables peuvent \u00eatre fournies \u00e0 d&rsquo;autres parties \u00e0 des fins de marketing, de publicit\u00e9 ou autres.   <\/p>\n\n\n\n<p>Liens vers des tiers<\/p>\n\n\n\n<p>Occasionnellement, \u00e0 notre discr\u00e9tion, nous pouvons inclure ou offrir des produits ou services de tiers sur notre site Web. Ces sites tiers ont des politiques de confidentialit\u00e9 s\u00e9par\u00e9es et ind\u00e9pendantes. Nous n&rsquo;avons donc aucune responsabilit\u00e9 ou obligation pour le contenu et les activit\u00e9s de ces sites li\u00e9s. N\u00e9anmoins, nous cherchons \u00e0 prot\u00e9ger l&rsquo;int\u00e9grit\u00e9 de notre site et accueillons tous les commentaires sur ces sites.   <\/p>\n\n\n\n<p>Serveurs de publicit\u00e9s tiers<\/p>\n\n\n\n<p>Nous pouvons utiliser des entreprises de publicit\u00e9 tierces pour diffuser des annonces lorsque vous visitez notre site Web. Si tel est le cas, une liste de ces entreprises de diffusion d&rsquo;annonces sera disponible ici. Ces entreprises peuvent utiliser des informations (g\u00e9n\u00e9ralement sans inclure votre nom, adresse, adresse e-mail ou num\u00e9ro de t\u00e9l\u00e9phone) concernant vos visites sur ce site Web et sur d&rsquo;autres sites afin de fournir des publicit\u00e9s sur des biens et services qui pourraient vous int\u00e9resser. Ces entreprises peuvent utiliser des cookies et des GIF clairs pour mesurer l&rsquo;efficacit\u00e9 de la publicit\u00e9. Toute information que ces tiers collectent via des cookies et des GIF clairs n&rsquo;est g\u00e9n\u00e9ralement pas personnellement identifiable (sauf si, par exemple, vous fournissez des informations personnellement identifiables par le biais d&rsquo;une annonce ou d&rsquo;un message e-mail). Nous vous encourageons \u00e0 lire les politiques de confidentialit\u00e9 de ces entreprises si vous avez des pr\u00e9occupations sur la mani\u00e8re dont elles prendront soin de vos informations personnelles. Si vous souhaitez obtenir plus d&rsquo;informations sur cette pratique et conna\u00eetre vos choix concernant la non-utilisation de ces informations par ces entreprises, consultez le site Web de l&rsquo;Initiative de publicit\u00e9 en r\u00e9seau.      <\/p>\n\n\n\n<p>Votre consentement<\/p>\n\n\n\n<p>En utilisant notre site, vous consentez \u00e0 la politique de confidentialit\u00e9 de notre site Web.<\/p>\n\n\n\n<p>Modifications de notre politique de confidentialit\u00e9<\/p>\n\n\n\n<p>Si nous d\u00e9cidons de modifier notre politique de confidentialit\u00e9, nous publierons ces modifications sur cette page.<\/p>\n\n\n\n<p>Cette politique a \u00e9t\u00e9 modifi\u00e9e pour la derni\u00e8re fois le 16 juillet 2024.<\/p>\n\n\n\n<p>Nous contacter<\/p>\n\n\n\n<p>Si vous avez des questions concernant cette politique de confidentialit\u00e9, vous pouvez nous contacter \u00e0 <a href=\"mailto:info@evias.com\">info@evias.com<\/a>.<\/p>\n<\/div>\n","protected":false},"excerpt":{"rendered":"<p>Politique de confidentialit\u00e9 Quelles informations recueillons-nous ? Nous recueillons des informations lorsque vous vous abonnez \u00e0 notre newsletter. WordPress\/Automattic recueille le nom d&rsquo;utilisateur et le mot de passe lorsque vous commentez ou publiez sur la Communaut\u00e9. Veuillez consulter leur politique de confidentialit\u00e9. Google, en tant que fournisseur tiers, utilise des cookies pour diffuser des annonces [&hellip;]<\/p>\n","protected":false},"author":1,"featured_media":0,"parent":0,"menu_order":0,"comment_status":"closed","ping_status":"open","template":"","meta":{"_acf_changed":false,"_coblocks_attr":"","_coblocks_dimensions":"","_coblocks_responsive_height":"","_coblocks_accordion_ie_support":"","footnotes":""},"class_list":["post-1746","page","type-page","status-publish","hentry"],"acf":[],"yoast_head":"<!-- This site is optimized with the Yoast SEO plugin v27.4 - https:\/\/yoast.com\/product\/yoast-seo-wordpress\/ -->\n<title>Politique de confidentialit\u00e9 | EVIAS<\/title>\n<meta name=\"robots\" content=\"index, follow, max-snippet:-1, max-image-preview:large, max-video-preview:-1\" \/>\n<link rel=\"canonical\" href=\"https:\/\/evias.com\/fr\/politique-de-confidentialite\/\" \/>\n<meta property=\"og:locale\" content=\"fr_FR\" \/>\n<meta property=\"og:type\" content=\"article\" \/>\n<meta property=\"og:title\" content=\"Politique de confidentialit\u00e9 | EVIAS\" \/>\n<meta property=\"og:description\" content=\"Politique de confidentialit\u00e9 Quelles informations recueillons-nous ? Nous recueillons des informations lorsque vous vous abonnez \u00e0 notre newsletter. WordPress\/Automattic recueille le nom d&rsquo;utilisateur et le mot de passe lorsque vous commentez ou publiez sur la Communaut\u00e9. Veuillez consulter leur politique de confidentialit\u00e9. Google, en tant que fournisseur tiers, utilise des cookies pour diffuser des annonces [&hellip;]\" \/>\n<meta property=\"og:url\" content=\"https:\/\/evias.com\/fr\/politique-de-confidentialite\/\" \/>\n<meta property=\"og:site_name\" content=\"EVIAS\" \/>\n<meta property=\"article:modified_time\" content=\"2024-07-26T19:45:27+00:00\" \/>\n<meta name=\"twitter:card\" content=\"summary_large_image\" \/>\n<meta name=\"twitter:label1\" content=\"Dur\u00e9e de lecture estim\u00e9e\" \/>\n\t<meta name=\"twitter:data1\" content=\"7 minutes\" \/>\n<script type=\"application\/ld+json\" class=\"yoast-schema-graph\">{\"@context\":\"https:\\\/\\\/schema.org\",\"@graph\":[{\"@type\":\"WebPage\",\"@id\":\"https:\\\/\\\/evias.com\\\/fr\\\/politique-de-confidentialite\\\/\",\"url\":\"https:\\\/\\\/evias.com\\\/fr\\\/politique-de-confidentialite\\\/\",\"name\":\"Politique de confidentialit\u00e9 | EVIAS\",\"isPartOf\":{\"@id\":\"https:\\\/\\\/evias.com\\\/fr\\\/#website\"},\"datePublished\":\"2024-05-17T06:02:29+00:00\",\"dateModified\":\"2024-07-26T19:45:27+00:00\",\"breadcrumb\":{\"@id\":\"https:\\\/\\\/evias.com\\\/fr\\\/politique-de-confidentialite\\\/#breadcrumb\"},\"inLanguage\":\"fr-FR\",\"potentialAction\":[{\"@type\":\"ReadAction\",\"target\":[\"https:\\\/\\\/evias.com\\\/fr\\\/politique-de-confidentialite\\\/\"]}]},{\"@type\":\"BreadcrumbList\",\"@id\":\"https:\\\/\\\/evias.com\\\/fr\\\/politique-de-confidentialite\\\/#breadcrumb\",\"itemListElement\":[{\"@type\":\"ListItem\",\"position\":1,\"name\":\"Home\",\"item\":\"https:\\\/\\\/evias.com\\\/fr\\\/\"},{\"@type\":\"ListItem\",\"position\":2,\"name\":\"Politique de confidentialit\u00e9\"}]},{\"@type\":\"WebSite\",\"@id\":\"https:\\\/\\\/evias.com\\\/fr\\\/#website\",\"url\":\"https:\\\/\\\/evias.com\\\/fr\\\/\",\"name\":\"EVIAS\",\"description\":\"\",\"potentialAction\":[{\"@type\":\"SearchAction\",\"target\":{\"@type\":\"EntryPoint\",\"urlTemplate\":\"https:\\\/\\\/evias.com\\\/fr\\\/?s={search_term_string}\"},\"query-input\":{\"@type\":\"PropertyValueSpecification\",\"valueRequired\":true,\"valueName\":\"search_term_string\"}}],\"inLanguage\":\"fr-FR\"}]}<\/script>\n<!-- \/ Yoast SEO plugin. -->","yoast_head_json":{"title":"Politique de confidentialit\u00e9 | EVIAS","robots":{"index":"index","follow":"follow","max-snippet":"max-snippet:-1","max-image-preview":"max-image-preview:large","max-video-preview":"max-video-preview:-1"},"canonical":"https:\/\/evias.com\/fr\/politique-de-confidentialite\/","og_locale":"fr_FR","og_type":"article","og_title":"Politique de confidentialit\u00e9 | EVIAS","og_description":"Politique de confidentialit\u00e9 Quelles informations recueillons-nous ? Nous recueillons des informations lorsque vous vous abonnez \u00e0 notre newsletter. WordPress\/Automattic recueille le nom d&rsquo;utilisateur et le mot de passe lorsque vous commentez ou publiez sur la Communaut\u00e9. Veuillez consulter leur politique de confidentialit\u00e9. Google, en tant que fournisseur tiers, utilise des cookies pour diffuser des annonces [&hellip;]","og_url":"https:\/\/evias.com\/fr\/politique-de-confidentialite\/","og_site_name":"EVIAS","article_modified_time":"2024-07-26T19:45:27+00:00","twitter_card":"summary_large_image","twitter_misc":{"Dur\u00e9e de lecture estim\u00e9e":"7 minutes"},"schema":{"@context":"https:\/\/schema.org","@graph":[{"@type":"WebPage","@id":"https:\/\/evias.com\/fr\/politique-de-confidentialite\/","url":"https:\/\/evias.com\/fr\/politique-de-confidentialite\/","name":"Politique de confidentialit\u00e9 | EVIAS","isPartOf":{"@id":"https:\/\/evias.com\/fr\/#website"},"datePublished":"2024-05-17T06:02:29+00:00","dateModified":"2024-07-26T19:45:27+00:00","breadcrumb":{"@id":"https:\/\/evias.com\/fr\/politique-de-confidentialite\/#breadcrumb"},"inLanguage":"fr-FR","potentialAction":[{"@type":"ReadAction","target":["https:\/\/evias.com\/fr\/politique-de-confidentialite\/"]}]},{"@type":"BreadcrumbList","@id":"https:\/\/evias.com\/fr\/politique-de-confidentialite\/#breadcrumb","itemListElement":[{"@type":"ListItem","position":1,"name":"Home","item":"https:\/\/evias.com\/fr\/"},{"@type":"ListItem","position":2,"name":"Politique de confidentialit\u00e9"}]},{"@type":"WebSite","@id":"https:\/\/evias.com\/fr\/#website","url":"https:\/\/evias.com\/fr\/","name":"EVIAS","description":"","potentialAction":[{"@type":"SearchAction","target":{"@type":"EntryPoint","urlTemplate":"https:\/\/evias.com\/fr\/?s={search_term_string}"},"query-input":{"@type":"PropertyValueSpecification","valueRequired":true,"valueName":"search_term_string"}}],"inLanguage":"fr-FR"}]}},"_links":{"self":[{"href":"https:\/\/evias.com\/fr\/wp-json\/wp\/v2\/pages\/1746","targetHints":{"allow":["GET"]}}],"collection":[{"href":"https:\/\/evias.com\/fr\/wp-json\/wp\/v2\/pages"}],"about":[{"href":"https:\/\/evias.com\/fr\/wp-json\/wp\/v2\/types\/page"}],"author":[{"embeddable":true,"href":"https:\/\/evias.com\/fr\/wp-json\/wp\/v2\/users\/1"}],"replies":[{"embeddable":true,"href":"https:\/\/evias.com\/fr\/wp-json\/wp\/v2\/comments?post=1746"}],"version-history":[{"count":1,"href":"https:\/\/evias.com\/fr\/wp-json\/wp\/v2\/pages\/1746\/revisions"}],"predecessor-version":[{"id":1747,"href":"https:\/\/evias.com\/fr\/wp-json\/wp\/v2\/pages\/1746\/revisions\/1747"}],"wp:attachment":[{"href":"https:\/\/evias.com\/fr\/wp-json\/wp\/v2\/media?parent=1746"}],"curies":[{"name":"wp","href":"https:\/\/api.w.org\/{rel}","templated":true}]}}