{"id":1742,"date":"2024-07-16T12:42:23","date_gmt":"2024-07-16T12:42:23","guid":{"rendered":"https:\/\/evias.com\/conditions-dutilisation\/"},"modified":"2024-07-26T19:34:13","modified_gmt":"2024-07-26T19:34:13","slug":"conditions-dutilisation","status":"publish","type":"page","link":"https:\/\/evias.com\/fr\/conditions-dutilisation\/","title":{"rendered":"Conditions d&rsquo;utilisation"},"content":{"rendered":"\n<div class=\"wp-block-group is-layout-flow wp-block-group-is-layout-flow\" style=\"padding-right:24px;padding-left:24px\">\n<div style=\"height:80px\" aria-hidden=\"true\" class=\"wp-block-spacer\"><\/div>\n\n\n\n<h5 class=\"wp-block-heading\"><strong>Conditions d&rsquo;utilisation<\/strong><\/h5>\n\n\n\n<p>Bienvenue sur [www .evias.com] (the \u201cWebsite\u201d). The Website is owned and operated by Evias ABLtd. (\u201cEvias\u201d, \u201cCompany\u201d, \u201cwe\u201d and \u201cour\u201c).  <\/p>\n\n\n\n<p>Veuillez lire attentivement les conditions g\u00e9n\u00e9rales suivantes (les \u00ab\u00a0Conditions\u00a0\u00bb ou \u00ab\u00a0Conditions d&rsquo;utilisation\u00a0\u00bb). Les Conditions constituent un accord contraignant entre vous et Evias. En acc\u00e9dant au Site ou en l&rsquo;utilisant de toute autre mani\u00e8re, vous indiquez votre acceptation de ces Conditions. Si vous n&rsquo;acceptez pas ces Conditions d&rsquo;utilisation, vous ne pouvez pas acc\u00e9der au Site ni l&rsquo;utiliser de quelque mani\u00e8re que ce soit.    <\/p>\n\n\n\n<p>\u00c0 propos du Site<\/p>\n\n\n\n<p>Le Site fournit du contenu et des informations sur la technologie et les produits d&rsquo;Evias. Il fournit \u00e9galement des informations concernant la Soci\u00e9t\u00e9. Le contenu du Site est pr\u00e9sent\u00e9 \u00e0 des fins d&rsquo;information uniquement.  <\/p>\n\n\n\n<p>Lorsque vous nous contactez<\/p>\n\n\n\n<p>Vous pouvez nous contacter via le Site. Cependant, rien sur le Site ou dans vos demandes soumises ne nous oblige \u00e0 conclure des engagements ou des arrangements commerciaux avec vous, \u00e0 nous associer \u00e0 vous, \u00e0 fournir des produits ou services, \u00e0 participer \u00e0 des activit\u00e9s de marketing pr\u00e9sentes ou futures, ou \u00e0 engager des discussions ou n\u00e9gociations avec vous.  <\/p>\n\n\n\n<p>Utilisation acceptable du Site<\/p>\n\n\n\n<p>Lorsque vous utilisez le Site, vous devez vous abstenir de :<\/p>\n\n\n\n<p>Violer ces Conditions ou toute autre r\u00e8gle et instruction applicables au Site que nous pouvons fournir ;<\/p>\n\n\n\n<p>Interf\u00e9rer avec, surcharger ou perturber la fonctionnalit\u00e9 du Site ;<\/p>\n\n\n\n<p>Enfreindre la s\u00e9curit\u00e9 du Site ou identifier des vuln\u00e9rabilit\u00e9s de s\u00e9curit\u00e9 ;<br\/>Contourner ou manipuler le fonctionnement ou la fonctionnalit\u00e9 du Site ;<\/p>\n\n\n\n<p>Utiliser ou lancer tout syst\u00e8me automatis\u00e9, y compris sans limitation les robots, crawlers et applications similaires pour collecter et compiler du contenu du Site ; <\/p>\n\n\n\n<p>Afficher le Site ou toute partie de celui-ci dans un cadre expos\u00e9 ou cach\u00e9 ou lier des \u00e9l\u00e9ments ou des parties du Site ind\u00e9pendamment des pages Web sur lesquelles ils apparaissent \u00e0 l&rsquo;origine ;<\/p>\n\n\n\n<p>Afficher du contenu du Site de mani\u00e8re \u00e0 alt\u00e9rer le contenu ou son design ; <\/p>\n\n\n\n<p>Usurper l&rsquo;identit\u00e9 de toute personne ou entit\u00e9 ou faire une fausse d\u00e9claration concernant votre identit\u00e9, votre emploi, votre agence ou votre affiliation avec toute personne ou entit\u00e9 ; <\/p>\n\n\n\n<p>Collecter, r\u00e9colter, obtenir ou traiter des informations personnelles concernant d&rsquo;autres utilisateurs de notre Site ;<\/p>\n\n\n\n<p>Lier le Site \u00e0 des pages Web contenant du contenu pornographique ou un contenu ill\u00e9gal ou encourageant une activit\u00e9 interdite telle que le racisme ou la discrimination injustifi\u00e9e ;<\/p>\n\n\n\n<p>Participer \u00e0 toute activit\u00e9 constituant une infraction p\u00e9nale ou donnant lieu \u00e0 une responsabilit\u00e9 civile ;<\/p>\n\n\n\n<p>Violer toute loi applicable.<\/p>\n\n\n\n<p>Liens<\/p>\n\n\n\n<p>Le Site peut contenir des liens vers du contenu publi\u00e9 sur d&rsquo;autres sites Web fournis par des tiers. Nous n&rsquo;exploitons ni ne surveillons ces sites et contenus. En fournissant des liens vers ces sites, nous n&rsquo;endossons ni ne sponsorisons leur contenu, ni ne confirmons leur exactitude, cr\u00e9dibilit\u00e9, authenticit\u00e9, fiabilit\u00e9, validit\u00e9, int\u00e9grit\u00e9 ou l\u00e9galit\u00e9. Nous n&rsquo;assumons aucune responsabilit\u00e9 pour ces sites ou contenus de tiers, leur disponibilit\u00e9 ou pour toute transaction ou \u00e9change effectu\u00e9 entre vous et ces sites de tiers.     <\/p>\n\n\n\n<p>Confidentialit\u00e9<\/p>\n\n\n\n<p>Nous respectons votre vie priv\u00e9e. La politique de confidentialit\u00e9 du Site est disponible ici et est int\u00e9gr\u00e9e par r\u00e9f\u00e9rence et fait partie int\u00e9grante de ces Conditions.  <\/p>\n\n\n\n<p>Propri\u00e9t\u00e9 intellectuelle<\/p>\n\n\n\n<p>Les droits de propri\u00e9t\u00e9 intellectuelle associ\u00e9s au Site, y compris les droits d&rsquo;auteur, marques d\u00e9pos\u00e9es, noms commerciaux, brevets, secrets commerciaux, m\u00e9thodes de travail et processus, et tout autre droit, sont la propri\u00e9t\u00e9 exclusive de la Soci\u00e9t\u00e9 ou de ses conc\u00e9dants de licence tiers. Ces droits s&rsquo;appliquent entre autres aux informations, articles, images, contenu, design graphique, donn\u00e9es et leur traitement, nom de domaine, \u00ab\u00a0look and feel\u00a0\u00bb du Site, code informatique et tout autre d\u00e9tail concernant son fonctionnement. <\/p>\n\n\n\n<p>Ne copiez, dupliquez, distribuez, vendez, rendez disponible, commercialisez ou traduisez aucune information du Site sans le consentement explicite pr\u00e9alable et \u00e9crit de la Soci\u00e9t\u00e9.<\/p>\n\n\n\n<p>Les marques pr\u00e9sentes sur le Site (qu&rsquo;elles soient enregistr\u00e9es ou non), ainsi que le nom de domaine du Site, sont la propri\u00e9t\u00e9 exclusive de la Soci\u00e9t\u00e9. Vous ne pouvez pas les utiliser sans notre consentement \u00e9crit pr\u00e9alable. <\/p>\n\n\n\n<p>Modifications et disponibilit\u00e9<\/p>\n\n\n\n<p>Nous pouvons modifier la structure, la disposition, le design ou l&rsquo;affichage du Site, ainsi que la port\u00e9e et la disponibilit\u00e9 des informations et contenus qu&rsquo;il contient, sans pr\u00e9avis. Ces changements peuvent entra\u00eener des dysfonctionnements ou causer des inconv\u00e9nients.  <\/p>\n\n\n\n<p>Le fonctionnement du Site d\u00e9pend de divers facteurs tels que les logiciels, le mat\u00e9riel et les r\u00e9seaux de communication de la Soci\u00e9t\u00e9, de ses sous-traitants et fournisseurs. Ces facteurs ne sont pas exempts de d\u00e9fauts par nature.<\/p>\n\n\n\n<p>Modifications des Conditions<\/p>\n\n\n\n<p>La Soci\u00e9t\u00e9 peut modifier ces Conditions. Les modifications prendront effet 7 jours apr\u00e8s leur publication initiale sur le Site, sauf si la Soci\u00e9t\u00e9 modifie les Conditions pour se conformer aux exigences l\u00e9gales. Dans ce cas, les modifications entreront en vigueur imm\u00e9diatement apr\u00e8s leur publication initiale ou comme requis. <\/p>\n\n\n\n<p>D\u00e9ni de garantie<\/p>\n\n\n\n<p>VOUS RECONNAISSEZ ET ACCEPTEZ QUE LE SITE EST FOURNI \u00ab\u00a0EN L&rsquo;\u00c9TAT\u00a0\u00bb ET \u00ab\u00a0AVEC TOUS LES D\u00c9FAUTS\u00a0\u00bb. VOUS N&rsquo;AUREZ AUCUNE PLAINTE, R\u00c9CLAMATION OU EXIGENCE CONTRE LA SOCI\u00c9T\u00c9 OU SES DIRIGEANTS, DIRECTEURS, ACTIONNAIRES, EMPLOY\u00c9S, SOUS-TRAITANTS ET AGENTS (\u00ab\u00a0LE PERSONNEL\u00a0\u00bb) EN CE QUI CONCERNE LES FONCTIONNALIT\u00c9S, LE CONTENU, LES LIMITES OU LA COMPATIBILIT\u00c9 DU SITE AVEC VOS BESOINS. VOTRE UTILISATION DU SITE ET DES INFORMATIONS QU&rsquo;IL CONTIENT SE FAIT \u00c0 VOS PROPRES RISQUES. NOUS D\u00c9CLINONS TOUTE GARANTIE DE QUALIT\u00c9 MARCHANDE, D&rsquo;AD\u00c9QUATION \u00c0 UN USAGE PARTICULIER, DE NON-INFRACTION, DE COMPATIBILIT\u00c9, DE S\u00c9CURIT\u00c9 OU D&rsquo;EXACTITUDE. <\/p>\n\n\n\n<p>LA SOCI\u00c9T\u00c9 NE GARANTIT PAS ET D\u00c9CLINE TOUTE GARANTIE, EXPRESSE OU IMPLICITE, CONCERNANT L&rsquo;EXACTITUDE, L&rsquo;AD\u00c9QUATION OU L&rsquo;EXHAUSTIVIT\u00c9 DES INFORMATIONS ET CONTENUS DU SITE OU DES LIENS VERS D&rsquo;AUTRES SITES. <\/p>\n\n\n\n<p>Limitation de responsabilit\u00e9 <\/p>\n\n\n\n<p>DANS LA MESURE MAXIMALE PERMISE PAR LA LOI APPLICABLE, LA SOCI\u00c9T\u00c9 ET SON PERSONNEL NE SERONT PAS RESPONSABLES ENVERS VOUS DE TOUT DOMMAGE DIRECT, INDIRECT, SP\u00c9CIAL, PUNITIF, EXEMPLAIRE, STATUTAIRE, ACCESSOIRE OU CONS\u00c9CUTIF OU DE TOUT AUTRE DOMMAGE OU PERTE SIMILAIRE, Y COMPRIS LA PERTE DE PROFIT ET DE DONN\u00c9ES, LES CO\u00dbTS, LES D\u00c9PENSES ET LES PAIEMENTS, QUE CE SOIT EN D\u00c9LICTUEL (Y COMPRIS LA N\u00c9GLIGENCE), CONTRACTUEL OU DANS TOUTE AUTRE FORME OU TH\u00c9ORIE DE RESPONSABILIT\u00c9 D\u00c9COULANT OU EN LIEN AVEC LE SITE, SON CONTENU, L&rsquo;UTILISATION OU L&rsquo;INCAPACIT\u00c9 D&rsquo;UTILISER LE SITE, OU DE TOUTE ERREUR OU PANNE DU FONCTIONNEMENT DU SITE, OU DE TOUTE FAUTE OU ERREUR COMMIS PAR NOTRE PERSONNEL, OU DE VOTRE D\u00c9PENDANCE \u00c0 L&rsquo;\u00c9GARD DU CONTENU DISPONIBLE SUR OU VIA LE SITE, OU DE TOUTE COMMUNICATION AVEC LE SITE OU LA SOCI\u00c9T\u00c9, OU DE LA R\u00c9TENTION, SUPPRESSION, DIVULGATION ET TOUTE AUTRE UTILISATION OU PERTE DE CONTENU OU D&rsquo;INFORMATIONS.<\/p>\n\n\n\n<p>Contactez-nous<\/p>\n\n\n\n<p>Vous pouvez nous contacter pour toute question ou commentaire \u00e0 : <a href=\"mailto:info@evias.com\">info@evias.com<\/a><\/p>\n\n\n\n<p>Derni\u00e8re mise \u00e0 jour : 16 juillet 2024<\/p>\n<\/div>\n","protected":false},"excerpt":{"rendered":"<p>Conditions d&rsquo;utilisation Bienvenue sur [www .evias.com] (the \u201cWebsite\u201d). The Website is owned and operated by Evias ABLtd. (\u201cEvias\u201d, \u201cCompany\u201d, \u201cwe\u201d and \u201cour\u201c). Veuillez lire attentivement les conditions g\u00e9n\u00e9rales suivantes (les \u00ab\u00a0Conditions\u00a0\u00bb ou \u00ab\u00a0Conditions d&rsquo;utilisation\u00a0\u00bb). Les Conditions constituent un accord contraignant entre vous et Evias. En acc\u00e9dant au Site ou en l&rsquo;utilisant de toute autre mani\u00e8re, [&hellip;]<\/p>\n","protected":false},"author":2,"featured_media":0,"parent":0,"menu_order":0,"comment_status":"closed","ping_status":"closed","template":"","meta":{"_acf_changed":false,"_coblocks_attr":"","_coblocks_dimensions":"","_coblocks_responsive_height":"","_coblocks_accordion_ie_support":"","footnotes":""},"class_list":["post-1742","page","type-page","status-publish","hentry"],"acf":[],"yoast_head":"<!-- This site is optimized with the Yoast SEO plugin v27.4 - https:\/\/yoast.com\/product\/yoast-seo-wordpress\/ -->\n<title>Conditions d&#039;utilisation | EVIAS<\/title>\n<meta name=\"robots\" content=\"index, follow, max-snippet:-1, max-image-preview:large, max-video-preview:-1\" \/>\n<link rel=\"canonical\" href=\"https:\/\/evias.com\/fr\/conditions-dutilisation\/\" \/>\n<meta property=\"og:locale\" content=\"fr_FR\" \/>\n<meta property=\"og:type\" content=\"article\" \/>\n<meta property=\"og:title\" content=\"Conditions d&#039;utilisation | EVIAS\" \/>\n<meta property=\"og:description\" content=\"Conditions d&rsquo;utilisation Bienvenue sur [www .evias.com] (the \u201cWebsite\u201d). The Website is owned and operated by Evias ABLtd. (\u201cEvias\u201d, \u201cCompany\u201d, \u201cwe\u201d and \u201cour\u201c). Veuillez lire attentivement les conditions g\u00e9n\u00e9rales suivantes (les \u00ab\u00a0Conditions\u00a0\u00bb ou \u00ab\u00a0Conditions d&rsquo;utilisation\u00a0\u00bb). Les Conditions constituent un accord contraignant entre vous et Evias. En acc\u00e9dant au Site ou en l&rsquo;utilisant de toute autre mani\u00e8re, [&hellip;]\" \/>\n<meta property=\"og:url\" content=\"https:\/\/evias.com\/fr\/conditions-dutilisation\/\" \/>\n<meta property=\"og:site_name\" content=\"EVIAS\" \/>\n<meta property=\"article:modified_time\" content=\"2024-07-26T19:34:13+00:00\" \/>\n<meta name=\"twitter:card\" content=\"summary_large_image\" \/>\n<meta name=\"twitter:label1\" content=\"Dur\u00e9e de lecture estim\u00e9e\" \/>\n\t<meta name=\"twitter:data1\" content=\"6 minutes\" \/>\n<script type=\"application\/ld+json\" class=\"yoast-schema-graph\">{\"@context\":\"https:\\\/\\\/schema.org\",\"@graph\":[{\"@type\":\"WebPage\",\"@id\":\"https:\\\/\\\/evias.com\\\/fr\\\/conditions-dutilisation\\\/\",\"url\":\"https:\\\/\\\/evias.com\\\/fr\\\/conditions-dutilisation\\\/\",\"name\":\"Conditions d'utilisation | EVIAS\",\"isPartOf\":{\"@id\":\"https:\\\/\\\/evias.com\\\/fr\\\/#website\"},\"datePublished\":\"2024-07-16T12:42:23+00:00\",\"dateModified\":\"2024-07-26T19:34:13+00:00\",\"breadcrumb\":{\"@id\":\"https:\\\/\\\/evias.com\\\/fr\\\/conditions-dutilisation\\\/#breadcrumb\"},\"inLanguage\":\"fr-FR\",\"potentialAction\":[{\"@type\":\"ReadAction\",\"target\":[\"https:\\\/\\\/evias.com\\\/fr\\\/conditions-dutilisation\\\/\"]}]},{\"@type\":\"BreadcrumbList\",\"@id\":\"https:\\\/\\\/evias.com\\\/fr\\\/conditions-dutilisation\\\/#breadcrumb\",\"itemListElement\":[{\"@type\":\"ListItem\",\"position\":1,\"name\":\"Home\",\"item\":\"https:\\\/\\\/evias.com\\\/fr\\\/\"},{\"@type\":\"ListItem\",\"position\":2,\"name\":\"Conditions d&#8217;utilisation\"}]},{\"@type\":\"WebSite\",\"@id\":\"https:\\\/\\\/evias.com\\\/fr\\\/#website\",\"url\":\"https:\\\/\\\/evias.com\\\/fr\\\/\",\"name\":\"EVIAS\",\"description\":\"\",\"potentialAction\":[{\"@type\":\"SearchAction\",\"target\":{\"@type\":\"EntryPoint\",\"urlTemplate\":\"https:\\\/\\\/evias.com\\\/fr\\\/?s={search_term_string}\"},\"query-input\":{\"@type\":\"PropertyValueSpecification\",\"valueRequired\":true,\"valueName\":\"search_term_string\"}}],\"inLanguage\":\"fr-FR\"}]}<\/script>\n<!-- \/ Yoast SEO plugin. -->","yoast_head_json":{"title":"Conditions d'utilisation | EVIAS","robots":{"index":"index","follow":"follow","max-snippet":"max-snippet:-1","max-image-preview":"max-image-preview:large","max-video-preview":"max-video-preview:-1"},"canonical":"https:\/\/evias.com\/fr\/conditions-dutilisation\/","og_locale":"fr_FR","og_type":"article","og_title":"Conditions d'utilisation | EVIAS","og_description":"Conditions d&rsquo;utilisation Bienvenue sur [www .evias.com] (the \u201cWebsite\u201d). The Website is owned and operated by Evias ABLtd. (\u201cEvias\u201d, \u201cCompany\u201d, \u201cwe\u201d and \u201cour\u201c). Veuillez lire attentivement les conditions g\u00e9n\u00e9rales suivantes (les \u00ab\u00a0Conditions\u00a0\u00bb ou \u00ab\u00a0Conditions d&rsquo;utilisation\u00a0\u00bb). Les Conditions constituent un accord contraignant entre vous et Evias. En acc\u00e9dant au Site ou en l&rsquo;utilisant de toute autre mani\u00e8re, [&hellip;]","og_url":"https:\/\/evias.com\/fr\/conditions-dutilisation\/","og_site_name":"EVIAS","article_modified_time":"2024-07-26T19:34:13+00:00","twitter_card":"summary_large_image","twitter_misc":{"Dur\u00e9e de lecture estim\u00e9e":"6 minutes"},"schema":{"@context":"https:\/\/schema.org","@graph":[{"@type":"WebPage","@id":"https:\/\/evias.com\/fr\/conditions-dutilisation\/","url":"https:\/\/evias.com\/fr\/conditions-dutilisation\/","name":"Conditions d'utilisation | EVIAS","isPartOf":{"@id":"https:\/\/evias.com\/fr\/#website"},"datePublished":"2024-07-16T12:42:23+00:00","dateModified":"2024-07-26T19:34:13+00:00","breadcrumb":{"@id":"https:\/\/evias.com\/fr\/conditions-dutilisation\/#breadcrumb"},"inLanguage":"fr-FR","potentialAction":[{"@type":"ReadAction","target":["https:\/\/evias.com\/fr\/conditions-dutilisation\/"]}]},{"@type":"BreadcrumbList","@id":"https:\/\/evias.com\/fr\/conditions-dutilisation\/#breadcrumb","itemListElement":[{"@type":"ListItem","position":1,"name":"Home","item":"https:\/\/evias.com\/fr\/"},{"@type":"ListItem","position":2,"name":"Conditions d&#8217;utilisation"}]},{"@type":"WebSite","@id":"https:\/\/evias.com\/fr\/#website","url":"https:\/\/evias.com\/fr\/","name":"EVIAS","description":"","potentialAction":[{"@type":"SearchAction","target":{"@type":"EntryPoint","urlTemplate":"https:\/\/evias.com\/fr\/?s={search_term_string}"},"query-input":{"@type":"PropertyValueSpecification","valueRequired":true,"valueName":"search_term_string"}}],"inLanguage":"fr-FR"}]}},"_links":{"self":[{"href":"https:\/\/evias.com\/fr\/wp-json\/wp\/v2\/pages\/1742","targetHints":{"allow":["GET"]}}],"collection":[{"href":"https:\/\/evias.com\/fr\/wp-json\/wp\/v2\/pages"}],"about":[{"href":"https:\/\/evias.com\/fr\/wp-json\/wp\/v2\/types\/page"}],"author":[{"embeddable":true,"href":"https:\/\/evias.com\/fr\/wp-json\/wp\/v2\/users\/2"}],"replies":[{"embeddable":true,"href":"https:\/\/evias.com\/fr\/wp-json\/wp\/v2\/comments?post=1742"}],"version-history":[{"count":3,"href":"https:\/\/evias.com\/fr\/wp-json\/wp\/v2\/pages\/1742\/revisions"}],"predecessor-version":[{"id":1745,"href":"https:\/\/evias.com\/fr\/wp-json\/wp\/v2\/pages\/1742\/revisions\/1745"}],"wp:attachment":[{"href":"https:\/\/evias.com\/fr\/wp-json\/wp\/v2\/media?parent=1742"}],"curies":[{"name":"wp","href":"https:\/\/api.w.org\/{rel}","templated":true}]}}