{"id":1706,"date":"2024-05-30T14:46:04","date_gmt":"2024-05-30T14:46:04","guid":{"rendered":"https:\/\/evias.com\/contacter\/"},"modified":"2025-11-05T07:00:39","modified_gmt":"2025-11-05T07:00:39","slug":"contacter","status":"publish","type":"page","link":"https:\/\/evias.com\/fr\/contacter\/","title":{"rendered":"Contactez-nous"},"content":{"rendered":"\n<div class=\"wp-block-group is-layout-flow wp-block-group-is-layout-flow has-background\" style=\"padding-right:0px;padding-left:0px;background-position:50% 0%;background-repeat:no-repeat;background-size:contain;\">\n<div style=\"height:50px\" aria-hidden=\"true\" class=\"wp-block-spacer tw-sm-hidden\"><\/div>\n\n\n\n<div style=\"height:15px\" aria-hidden=\"true\" class=\"wp-block-spacer tw-md-hidden tw-lg-hidden\"><\/div>\n\n\n\n<div class=\"wp-block-group is-layout-flow wp-block-group-is-layout-flow has-background\" style=\"padding-right:24px;padding-left:24px;background-image:url(&apos;https:\/\/evias.com\/wp-content\/uploads\/2024\/07\/contactus_bg.png&apos;);background-position:50% 0%;background-repeat:no-repeat;background-size:contain;\">\n<div class=\"wp-block-group top-banner is-layout-flow wp-block-group-is-layout-flow has-background\" style=\"padding-top:0;padding-right:0;padding-bottom:0;padding-left:0;background-position:54% 54%;background-repeat:no-repeat;background-size:cover;\">\n<div style=\"height:80px\" aria-hidden=\"true\" class=\"wp-block-spacer tw-sm-hidden\"><\/div>\n\n\n\n<p class=\"has-text-align-left has-large-font-size\" style=\"margin-top:0;margin-bottom:0;padding-top:0;padding-bottom:0;line-height:1\">Contactez-nous<\/p>\n\n\n\n<div style=\"height:80px\" aria-hidden=\"true\" class=\"wp-block-spacer tw-sm-hidden\"><\/div>\n<\/div>\n\n\n\n<div class=\"wp-block-group is-layout-flow wp-block-group-is-layout-flow\">\n<h2 class=\"wp-block-heading has-x-large-font-size\">Comment pouvons-nous vous aider ?<\/h2>\n\n\n\n<hr class=\"wp-block-separator has-text-color has-alpha-channel-opacity has-background is-style-default\" style=\"width: 100%; max-width: 100%;margin-top:var(--wp--preset--spacing--10);margin-bottom:var(--wp--preset--spacing--10);background-color:#0000003d;color:#0000003d\"\/>\n\n\n\n<p class=\"has-text-align-left has-medium-font-size\">Nous serions ravis de vous contacter si notre cause de d\u00e9carbonation vous int\u00e9resse ! <\/p>\n\n\n\n<div style=\"height:50px\" aria-hidden=\"true\" class=\"wp-block-spacer\"><\/div>\n<\/div>\n\n\n\n<div class=\"wp-block-columns is-layout-flex wp-container-core-columns-is-layout-b0991692 wp-block-columns-is-layout-flex\" style=\"padding-right:0;padding-left:0\">\n<div class=\"wp-block-column is-layout-flow wp-block-column-is-layout-flow\" style=\"padding-top:24px;padding-bottom:24px\">\n<div class=\"wp-block-columns is-layout-flex wp-container-core-columns-is-layout-d0b3c9c8 wp-block-columns-is-layout-flex\">\n<div class=\"wp-block-column is-layout-flow wp-block-column-is-layout-flow\" style=\"--col-width:100%;flex-basis:100%\">\n\t\t<div class=\"coblocks-form\" id=\"1b67ead04ffc6cd2619cec846c484706614fec83\">\n\n\t\t\t\n\t\t\t<form action=\"https:\/\/evias.com\/fr\/contacter\/#1b67ead04ffc6cd2619cec846c484706614fec83\" method=\"post\">\n\t\t\t\t\n<div class=\"wp-block-coblocks-form\"><label class=\"coblocks-label\">Name<\/label>\n\t\t<input type=\"hidden\" name=\"field-name[label]\" value=\"Name\">\n\n\t\t\t\t<input type=\"hidden\" id=\"name-field-id\" name=\"name-field-id\" class=\"coblocks-name-field-id\" value=\"field-name\" \/>\n\t\t\t\t\t<div class=\"coblocks-form__inline-fields\">\n\t\t\t\t<div class=\"coblocks-form__inline-field\">\n\t\t\t\t\t<input type=\"text\" id=\"name-firstname\" aria-label=\"Plus One First Name\" name=\"field-name[value][first-name]\" class=\"coblocks-field coblocks-field--name first\"  \/>\n\t\t\t\t\t<small class=\"coblocks-form__subtext\">First<\/small>\n\t\t\t\t<\/div>\n\n\t\t\t\t<div class=\"coblocks-form__inline-field\">\n\t\t\t\t\t<input type=\"text\" id=\"name-lastname\" aria-label=\"Plus One Last Name\" name=\"field-name[value][last-name]\" class=\"coblocks-field coblocks-field--name last\"  \/>\n\t\t\t\t\t<small class=\"coblocks-form__subtext\">Last<\/small>\n\t\t\t\t<\/div>\n\t\t\t<\/div>\n\n\t\t\t\n\n<label class=\"coblocks-label\">Phone<\/label>\n\t\t<input type=\"hidden\" name=\"field-phone[label]\" value=\"Phone\">\n\n\t\t\n\t\t<input type=\"tel\" id=\"phone\" name=\"field-phone[value]\" class=\"coblocks-field coblocks-field--telephone\"  \/>\n\n\t\t\n\n<label class=\"coblocks-label\">E-mail <span class=\"required\">&#042;<\/span><\/label>\n\t\t<input type=\"hidden\" name=\"field-e-mail[label]\" value=\"E-mail\">\n\n\t\t\n\t\t<input type=\"hidden\" id=\"email-field-id\" name=\"email-field-id\" class=\"coblocks-email-field-id\" value=\"field-e-mail\" \/>\n\t\t<input type=\"email\" id=\"e-mail\" aria-label=\"E-mail\" name=\"field-e-mail[value]\" class=\"coblocks-field coblocks-field--email\" required \/>\n\n\t\t\n\n<label class=\"coblocks-label\">Company<\/label>\n\t\t<input type=\"hidden\" name=\"field-company-2[label]\" value=\"Company\">\n\n\t\t\t\t<input type=\"hidden\" id=\"name-field-id\" name=\"name-field-id\" class=\"coblocks-name-field-id\" value=\"field-company-2\" \/>\n\t\t\n\t\t<input type=\"text\" id=\"company-2\" name=\"field-company-2[value]\" class=\"coblocks-field coblocks-field--name\"  \/>\n\n\t\t\n\n<label class=\"coblocks-label\">Message <span class=\"required\">&#042;<\/span><\/label>\n\t\t<input type=\"hidden\" name=\"field-message[label]\" value=\"Message\">\n\n\t\t\n\t\t<textarea name=\"field-message[value]\" aria-label=\"Message\" id=\"message\" class=\"coblocks-field coblocks-textarea\" rows=\"20\" required><\/textarea>\n\n\t\t\n\n\n\t\t<div class=\"coblocks-form__submit wp-block-button\">\n\t\t\t<button type=\"submit\" class=\"wp-block-button__link is-style-circular\" style=\"background-color: #d5d5d5; color: #111111;\">Submit<\/button>\n\t\t\t<input type=\"hidden\" id=\"form-submit\" name=\"form-submit\" value=\"d54fce7059\" \/><input type=\"hidden\" name=\"_wp_http_referer\" value=\"\/fr\/wp-json\/wp\/v2\/pages\/1706\" \/>\t\t\t<input type=\"hidden\" name=\"action\" value=\"coblocks-form-submit\">\n\n\t\t\t\t\t<\/div>\n\n\t\t<\/div>\n\t\t\t\t<input class=\"coblocks-field verify\" aria-label=\"Enter your email address to verify\" type=\"email\" name=\"coblocks-verify-email\" autocomplete=\"off\" placeholder=\"E-mail\" tabindex=\"-1\">\n\t\t\t\t<input type=\"hidden\" name=\"form-hash\" value=\"1b67ead04ffc6cd2619cec846c484706614fec83\">\n\n\t\t\t\t\t\t\t<\/form>\n\n\t\t<\/div>\n\n\t\t<\/div>\n<\/div>\n<\/div>\n\n\n\n<div class=\"wp-block-column is-layout-flow wp-block-column-is-layout-flow\" style=\"padding-top:24px;padding-bottom:24px\">\n<div style=\"height:58%\" aria-hidden=\"true\" class=\"wp-block-spacer tw-sm-hidden\"><\/div>\n\n\n\n<h4 class=\"wp-block-heading\"><strong>Contact m\u00e9dia<\/strong><\/h4>\n\n\n\n<div class=\"wp-block-buttons is-layout-flex wp-block-buttons-is-layout-flex\">\n<div class=\"wp-block-button\"><a class=\"wp-block-button__link has-contrast-color has-text-color has-background has-link-color wp-element-button\" href=\"mailto:media@evias.com\" style=\"border-radius:0px;background-color:#ffffff00;padding-right:0;padding-left:0\"><strong>media@evias.com<\/strong><\/a><\/div>\n<\/div>\n<\/div>\n<\/div>\n\n\n\n<div class=\"wp-block-columns is-layout-flex wp-container-core-columns-is-layout-b0991692 wp-block-columns-is-layout-flex\" style=\"padding-right:0;padding-left:0\">\n<div class=\"wp-block-column is-layout-flow wp-block-column-is-layout-flow\" style=\"--col-width:50%;flex-basis:50%\">\n<h4 class=\"wp-block-heading\"><strong>Notre centre de d\u00e9veloppement <\/strong><\/h4>\n\n\n\n<div class=\"wp-block-columns is-not-stacked-on-mobile is-layout-flex wp-container-core-columns-is-layout-2db28811 wp-block-columns-is-layout-flex\" style=\"padding-right:0;padding-left:0\">\n<div class=\"wp-block-column is-layout-flow wp-block-column-is-layout-flow\" style=\"--col-width:50px;flex-basis:50px\">\n<div class=\"wp-block-group has-global-padding is-layout-constrained wp-container-core-group-is-layout-84d6ae0f wp-block-group-is-layout-constrained\" style=\"padding-right:0;padding-left:0\">\n<svg xmlns=\"http:\/\/www.w3.org\/2000\/svg\" viewbox=\"0 0 19.39 29.39\"><defs><style>.cls-1{fill:#6f7d7f;}<\/style><\/defs><g id=\"Layer_2\" data-name=\"Layer 2\"><g id=\"Layer_39\" data-name=\"Layer 39\"><path class=\"cls-1\" d=\"M16.86,3.16h0a9.7,9.7,0,0,1,1.27,11.31L9.7,29.39,1.26,14.47A9.7,9.7,0,0,1,2.53,3.16h0A9.71,9.71,0,0,1,16.86,3.16ZM9.7,5.76A4.29,4.29,0,1,0,14,10.05,4.29,4.29,0,0,0,9.7,5.76Z\"><\/path><\/g><\/g><\/svg>\n<\/div>\n<\/div>\n\n\n\n<div class=\"wp-block-column is-layout-flow wp-container-core-column-is-layout-b108c007 wp-block-column-is-layout-flow\" style=\"padding-right:0;padding-left:0\">\n<div class=\"wp-block-group is-layout-flow wp-container-core-group-is-layout-0cee8f54 wp-block-group-is-layout-flow\" style=\"border-left-color:#d9ff00;border-left-width:8px;padding-right:0;padding-left:var(--wp--preset--spacing--10)\">\n<p class=\"tw-link-no-underline\"><a href=\"https:\/\/maps.app.goo.gl\/zGRpkp9moLhE2keo8\"><strong>2 Rue Gustave Eiffel, 10430 Rosi\u00e8res-pr\u00e9s-Troyes, France<\/strong><\/a><\/p>\n<\/div>\n<\/div>\n<\/div>\n<\/div>\n\n\n\n<div class=\"wp-block-column is-layout-flow wp-block-column-is-layout-flow\" style=\"--col-width:50%;flex-basis:50%\">\n<h4 class=\"wp-block-heading\"><\/h4>\n\n\n\n<div class=\"wp-block-columns is-layout-flex wp-container-core-columns-is-layout-df8e719b wp-block-columns-is-layout-flex\" style=\"margin-top:var(--wp--preset--spacing--10);margin-bottom:var(--wp--preset--spacing--10);padding-right:0;padding-left:0\">\n<div class=\"wp-block-column is-layout-flow wp-block-column-is-layout-flow\">\n<div class=\"wp-block-columns is-not-stacked-on-mobile is-layout-flex wp-container-core-columns-is-layout-2db28811 wp-block-columns-is-layout-flex\" style=\"padding-right:0;padding-left:0\">\n<div class=\"wp-block-column is-layout-flow wp-block-column-is-layout-flow\"><\/div>\n<\/div>\n<\/div>\n<\/div>\n<\/div>\n<\/div>\n\n\n\n<div style=\"height:50px\" aria-hidden=\"true\" class=\"wp-block-spacer\"><\/div>\n<\/div>\n<\/div>\n\n<style>.newsletter-box{ display: none; }<\/style>\n","protected":false},"excerpt":{"rendered":"<p>Contactez-nous Comment pouvons-nous vous aider ? Nous serions ravis de vous contacter si notre cause de d\u00e9carbonation vous int\u00e9resse ! Contact m\u00e9dia Notre centre de d\u00e9veloppement 2 Rue Gustave Eiffel, 10430 Rosi\u00e8res-pr\u00e9s-Troyes, France<\/p>\n","protected":false},"author":2,"featured_media":0,"parent":0,"menu_order":0,"comment_status":"closed","ping_status":"closed","template":"","meta":{"_acf_changed":false,"_coblocks_attr":"","_coblocks_dimensions":"","_coblocks_responsive_height":"","_coblocks_accordion_ie_support":"","footnotes":""},"class_list":["post-1706","page","type-page","status-publish","hentry"],"acf":[],"yoast_head":"<!-- This site is optimized with the Yoast SEO plugin v27.4 - https:\/\/yoast.com\/product\/yoast-seo-wordpress\/ -->\n<title>Contactez-nous | EVIAS<\/title>\n<meta name=\"description\" content=\"We\u2019d love to connect with you if you are interested in our decarbonization cause! \u00c9crivez-nous maintenant !\" \/>\n<meta name=\"robots\" content=\"index, follow, max-snippet:-1, max-image-preview:large, max-video-preview:-1\" \/>\n<link rel=\"canonical\" href=\"https:\/\/evias.com\/fr\/contacter\/\" \/>\n<meta property=\"og:locale\" content=\"fr_FR\" \/>\n<meta property=\"og:type\" content=\"article\" \/>\n<meta property=\"og:title\" content=\"Dites-nous ce que vous en pensez !\" \/>\n<meta property=\"og:description\" content=\"We\u2019d love to connect with you if you are interested in our decarbonization cause! \u00c9crivez-nous maintenant !\" \/>\n<meta property=\"og:url\" content=\"https:\/\/evias.com\/fr\/contacter\/\" \/>\n<meta property=\"og:site_name\" content=\"EVIAS\" \/>\n<meta property=\"article:modified_time\" content=\"2025-11-05T07:00:39+00:00\" \/>\n<meta name=\"twitter:card\" content=\"summary_large_image\" \/>\n<meta name=\"twitter:label1\" content=\"Dur\u00e9e de lecture estim\u00e9e\" \/>\n\t<meta name=\"twitter:data1\" content=\"1 minute\" \/>\n<script type=\"application\/ld+json\" class=\"yoast-schema-graph\">{\"@context\":\"https:\\\/\\\/schema.org\",\"@graph\":[{\"@type\":\"WebPage\",\"@id\":\"https:\\\/\\\/evias.com\\\/fr\\\/contacter\\\/\",\"url\":\"https:\\\/\\\/evias.com\\\/fr\\\/contacter\\\/\",\"name\":\"Contactez-nous | EVIAS\",\"isPartOf\":{\"@id\":\"https:\\\/\\\/evias.com\\\/fr\\\/#website\"},\"datePublished\":\"2024-05-30T14:46:04+00:00\",\"dateModified\":\"2025-11-05T07:00:39+00:00\",\"description\":\"We\u2019d love to connect with you if you are interested in our decarbonization cause! \u00c9crivez-nous maintenant !\",\"breadcrumb\":{\"@id\":\"https:\\\/\\\/evias.com\\\/fr\\\/contacter\\\/#breadcrumb\"},\"inLanguage\":\"fr-FR\",\"potentialAction\":[{\"@type\":\"ReadAction\",\"target\":[\"https:\\\/\\\/evias.com\\\/fr\\\/contacter\\\/\"]}]},{\"@type\":\"BreadcrumbList\",\"@id\":\"https:\\\/\\\/evias.com\\\/fr\\\/contacter\\\/#breadcrumb\",\"itemListElement\":[{\"@type\":\"ListItem\",\"position\":1,\"name\":\"Home\",\"item\":\"https:\\\/\\\/evias.com\\\/fr\\\/\"},{\"@type\":\"ListItem\",\"position\":2,\"name\":\"Contactez-nous\"}]},{\"@type\":\"WebSite\",\"@id\":\"https:\\\/\\\/evias.com\\\/fr\\\/#website\",\"url\":\"https:\\\/\\\/evias.com\\\/fr\\\/\",\"name\":\"EVIAS\",\"description\":\"\",\"potentialAction\":[{\"@type\":\"SearchAction\",\"target\":{\"@type\":\"EntryPoint\",\"urlTemplate\":\"https:\\\/\\\/evias.com\\\/fr\\\/?s={search_term_string}\"},\"query-input\":{\"@type\":\"PropertyValueSpecification\",\"valueRequired\":true,\"valueName\":\"search_term_string\"}}],\"inLanguage\":\"fr-FR\"}]}<\/script>\n<!-- \/ Yoast SEO plugin. -->","yoast_head_json":{"title":"Contactez-nous | EVIAS","description":"We\u2019d love to connect with you if you are interested in our decarbonization cause! \u00c9crivez-nous maintenant !","robots":{"index":"index","follow":"follow","max-snippet":"max-snippet:-1","max-image-preview":"max-image-preview:large","max-video-preview":"max-video-preview:-1"},"canonical":"https:\/\/evias.com\/fr\/contacter\/","og_locale":"fr_FR","og_type":"article","og_title":"Dites-nous ce que vous en pensez !","og_description":"We\u2019d love to connect with you if you are interested in our decarbonization cause! \u00c9crivez-nous maintenant !","og_url":"https:\/\/evias.com\/fr\/contacter\/","og_site_name":"EVIAS","article_modified_time":"2025-11-05T07:00:39+00:00","twitter_card":"summary_large_image","twitter_misc":{"Dur\u00e9e de lecture estim\u00e9e":"1 minute"},"schema":{"@context":"https:\/\/schema.org","@graph":[{"@type":"WebPage","@id":"https:\/\/evias.com\/fr\/contacter\/","url":"https:\/\/evias.com\/fr\/contacter\/","name":"Contactez-nous | EVIAS","isPartOf":{"@id":"https:\/\/evias.com\/fr\/#website"},"datePublished":"2024-05-30T14:46:04+00:00","dateModified":"2025-11-05T07:00:39+00:00","description":"We\u2019d love to connect with you if you are interested in our decarbonization cause! \u00c9crivez-nous maintenant !","breadcrumb":{"@id":"https:\/\/evias.com\/fr\/contacter\/#breadcrumb"},"inLanguage":"fr-FR","potentialAction":[{"@type":"ReadAction","target":["https:\/\/evias.com\/fr\/contacter\/"]}]},{"@type":"BreadcrumbList","@id":"https:\/\/evias.com\/fr\/contacter\/#breadcrumb","itemListElement":[{"@type":"ListItem","position":1,"name":"Home","item":"https:\/\/evias.com\/fr\/"},{"@type":"ListItem","position":2,"name":"Contactez-nous"}]},{"@type":"WebSite","@id":"https:\/\/evias.com\/fr\/#website","url":"https:\/\/evias.com\/fr\/","name":"EVIAS","description":"","potentialAction":[{"@type":"SearchAction","target":{"@type":"EntryPoint","urlTemplate":"https:\/\/evias.com\/fr\/?s={search_term_string}"},"query-input":{"@type":"PropertyValueSpecification","valueRequired":true,"valueName":"search_term_string"}}],"inLanguage":"fr-FR"}]}},"_links":{"self":[{"href":"https:\/\/evias.com\/fr\/wp-json\/wp\/v2\/pages\/1706","targetHints":{"allow":["GET"]}}],"collection":[{"href":"https:\/\/evias.com\/fr\/wp-json\/wp\/v2\/pages"}],"about":[{"href":"https:\/\/evias.com\/fr\/wp-json\/wp\/v2\/types\/page"}],"author":[{"embeddable":true,"href":"https:\/\/evias.com\/fr\/wp-json\/wp\/v2\/users\/2"}],"replies":[{"embeddable":true,"href":"https:\/\/evias.com\/fr\/wp-json\/wp\/v2\/comments?post=1706"}],"version-history":[{"count":27,"href":"https:\/\/evias.com\/fr\/wp-json\/wp\/v2\/pages\/1706\/revisions"}],"predecessor-version":[{"id":3026,"href":"https:\/\/evias.com\/fr\/wp-json\/wp\/v2\/pages\/1706\/revisions\/3026"}],"wp:attachment":[{"href":"https:\/\/evias.com\/fr\/wp-json\/wp\/v2\/media?parent=1706"}],"curies":[{"name":"wp","href":"https:\/\/api.w.org\/{rel}","templated":true}]}}